{"id":2,"date":"2010-10-14T13:49:04","date_gmt":"2010-10-14T13:49:04","guid":{"rendered":"http:\/\/www.riad-atika.com\/meknes\/?page_id=2"},"modified":"2010-10-21T20:42:09","modified_gmt":"2010-10-21T20:42:09","slug":"a-propos","status":"publish","type":"page","link":"http:\/\/www.riad-atika.com\/meknes\/a-propos\/","title":{"rendered":"\u00c0 propos"},"content":{"rendered":"<p><a title=\"Riad a Meknes\" href=\"http:\/\/www.riad-atika.com\/\"><strong>Riad Atika Meknes<\/strong><\/a>,\u00a0 Situ\u00e9 au c\u0153ur de la m\u00e9dina de Meknes loin des bruits de la vie moderne, \u00e9difi\u00e9 en l&rsquo;an 1333 et restaur\u00e9 pour votre confort sans toucher \u00e0 ses valeurs historiques.<\/p>\n<p>Entour\u00e9 par la grande mosqu\u00e9e, la medersa bouanania, la place El  Hedime avec sa <strong>porte Bab Mansour<\/strong>, kabet souk ce coeur battant de <strong>la  m\u00e9dina de Meknes<\/strong>.<\/p>\n<p><img loading=\"lazy\" decoding=\"async\" class=\"alignleft\" title=\"fontaine-riad-atika-meknes\" src=\"..\/..\/images\/fontaine-riad-atika-meknes.jpg\" alt=\"fontaine-riad-atika-meknes\" width=\"200\" height=\"134\" \/>Une vue unique en <strong>terrasse<\/strong> vous attend, vue panoramique sur 30 KM \u00e0 la ronde sur <strong>Meknes et ses environs<\/strong>.<\/p>\n<p>Murailles ismailites sa <strong>M\u00e9dina et ses minarets<\/strong>, la montagne du zerhoune et celle du moyen Atlas.<\/p>\n<p>Un parking gard\u00e9 jour et nuit \u00e0 5 min \u00e0 pied.<\/p>\n","protected":false},"excerpt":{"rendered":"<p>Riad Atika Meknes,\u00a0 Situ\u00e9 au c\u0153ur de la m\u00e9dina de Meknes loin des bruits de la vie moderne, \u00e9difi\u00e9 en l&rsquo;an 1333 et restaur\u00e9 pour votre confort sans toucher \u00e0 ses valeurs historiques. Entour\u00e9 par la grande mosqu\u00e9e, la medersa bouanania, la place El Hedime avec sa porte Bab Mansour, kabet souk ce coeur battant [&hellip;]<\/p>\n","protected":false},"author":1,"featured_media":0,"parent":0,"menu_order":2,"comment_status":"closed","ping_status":"closed","template":"","meta":{"footnotes":""},"class_list":["post-2","page","type-page","status-publish","hentry"],"aioseo_notices":[],"_links":{"self":[{"href":"http:\/\/www.riad-atika.com\/meknes\/wp-json\/wp\/v2\/pages\/2","targetHints":{"allow":["GET"]}}],"collection":[{"href":"http:\/\/www.riad-atika.com\/meknes\/wp-json\/wp\/v2\/pages"}],"about":[{"href":"http:\/\/www.riad-atika.com\/meknes\/wp-json\/wp\/v2\/types\/page"}],"author":[{"embeddable":true,"href":"http:\/\/www.riad-atika.com\/meknes\/wp-json\/wp\/v2\/users\/1"}],"replies":[{"embeddable":true,"href":"http:\/\/www.riad-atika.com\/meknes\/wp-json\/wp\/v2\/comments?post=2"}],"version-history":[{"count":5,"href":"http:\/\/www.riad-atika.com\/meknes\/wp-json\/wp\/v2\/pages\/2\/revisions"}],"predecessor-version":[{"id":4,"href":"http:\/\/www.riad-atika.com\/meknes\/wp-json\/wp\/v2\/pages\/2\/revisions\/4"}],"wp:attachment":[{"href":"http:\/\/www.riad-atika.com\/meknes\/wp-json\/wp\/v2\/media?parent=2"}],"curies":[{"name":"wp","href":"https:\/\/api.w.org\/{rel}","templated":true}]}}