{"id":10,"date":"2010-10-15T11:54:19","date_gmt":"2010-10-15T11:54:19","guid":{"rendered":"http:\/\/www.riad-atika.com\/meknes"},"modified":"2010-10-21T20:42:29","modified_gmt":"2010-10-21T20:42:29","slug":"meknes","status":"publish","type":"page","link":"http:\/\/www.riad-atika.com\/meknes\/meknes\/","title":{"rendered":"Meknes"},"content":{"rendered":"<p><strong> <\/strong><\/p>\n<div id=\"attachment_40\" style=\"width: 159px\" class=\"wp-caption alignleft\"><strong> <\/strong><strong><a href=\"http:\/\/www.riad-atika.com\/meknes\/wp-content\/uploads\/2010\/10\/jama3-lekbir.jpg\"><img loading=\"lazy\" decoding=\"async\" aria-describedby=\"caption-attachment-40\" class=\"size-medium wp-image-40\" title=\"La Grande Mosqu\u00e9e\" src=\"http:\/\/www.riad-atika.com\/meknes\/wp-content\/uploads\/2010\/10\/jama3-lekbir-225x300.jpg\" alt=\"La Grande Mosqu\u00e9e\" width=\"149\" height=\"197\" \/><\/a><\/strong><p id=\"caption-attachment-40\" class=\"wp-caption-text\">La Grande Mosqu\u00e9e<\/p><\/div>\n<p>Mekn\u00e8s est une ville du <a title=\"Maroc\" href=\"http:\/\/fr.wikipedia.org\/wiki\/Maroc\">Maroc<\/a> qui tire son nom du <a title=\"Langues berb\u00e8res\" href=\"http:\/\/fr.wikipedia.org\/wiki\/Langues_berb%C3%A8res\">berb\u00e8re<\/a> <a title=\"Meknassa\" href=\"http:\/\/fr.wikipedia.org\/wiki\/Meknassa\">Meknassa<\/a> du nom de la tribu fondatrice de la ville. Elle est le chef-lieu de la r\u00e9gion administrative de <a title=\"Mekn\u00e8s-Tafilalet\" href=\"http:\/\/fr.wikipedia.org\/wiki\/Mekn%C3%A8s-Tafilalet\">Mekn\u00e8s-Tafilalet<\/a>, au nord du pays. La ville est situ\u00e9e \u00e0 150\u00a0km \u00e0 l&rsquo;est de <a title=\"Rabat\" href=\"http:\/\/fr.wikipedia.org\/wiki\/Rabat\">Rabat<\/a> et \u00e0 60\u00a0km \u00e0 l&rsquo;ouest de <a title=\"F\u00e8s\" href=\"http:\/\/fr.wikipedia.org\/wiki\/F%C3%A8s\">F\u00e8s<\/a>. C&rsquo;est l&rsquo;une des quatre <a title=\"Villes imp\u00e9riales du Maroc\" href=\"http:\/\/fr.wikipedia.org\/wiki\/Villes_imp%C3%A9riales_du_Maroc\">villes imp\u00e9riales du Maroc<\/a>. Elle fut la capitale du <a title=\"Maroc\" href=\"http:\/\/fr.wikipedia.org\/wiki\/Maroc\">Maroc<\/a> durant le r\u00e8gne de <a title=\"Moulay Isma\u00efl\" href=\"http:\/\/fr.wikipedia.org\/wiki\/Moulay_Isma%C3%AFl\">Moulay Isma\u00efl<\/a> (1672-1727). La ville historique de Mekn\u00e8s est plac\u00e9e sous la protection de l&rsquo;UNESCO (1996).<\/p>\n<p>M<strong>ekn\u00e8s est situ\u00e9e \u00e0 une altitude de 500 m environ<\/strong>, sur le plateau de Sa\u00efs, entre le <a title=\"Atlas (massif)\" href=\"http:\/\/fr.wikipedia.org\/wiki\/Atlas_%28massif%29\">Moyen-Atlas<\/a> au sud et les collines <a title=\"Rif\" href=\"http:\/\/fr.wikipedia.org\/wiki\/Rif\">pr\u00e9-rifaines<\/a> au nord. La ville est travers\u00e9e par <a title=\"Oued\" href=\"http:\/\/fr.wikipedia.org\/wiki\/Oued\">oued<\/a> Boufekrane, qui s\u00e9pare la m\u00e9dina (ville ancienne) de la ville nouvelle (dite \u00ab\u00a0<a title=\"Hamria\" href=\"http:\/\/fr.wikipedia.org\/wiki\/Hamria\">Hamria<\/a>\u00ab\u00a0).<\/p>\n<h2>G\u00e9ographie et d\u00e9mographie<\/h2>\n<p>La population de<strong> la ville de Mekn\u00e8s<\/strong> est estim\u00e9e actuellement \u00e0 950\u00a0000\u00a0habitants .  Cette population qui travaille pour la plupart \u00e0 Mekn\u00e8s fait la navette  quotidienne avec le centre ville, qui abrite la quasi totalit\u00e9 des  administrations de la r\u00e9gion <strong>Mekn\u00e8s-Tafilale<\/strong>.<\/p>\n<p>Mekn\u00e8s est la 4<sup>e<\/sup> ville imp\u00e9riale du Maroc. <strong>La m\u00e9dina de Mekn\u00e8s <\/strong>est class\u00e9e depuis 1996 <a title=\"Patrimoine mondial de l'UNESCO\" href=\"http:\/\/fr.wikipedia.org\/wiki\/Patrimoine_mondial_de_l%27UNESCO\">Patrimoine mondial de l&rsquo;UNESCO<\/a> et connait depuis lors diverses op\u00e9rations de restauration des sites  (murailles, portes, ruelles, places publiques&#8230;). Elle est maintenant  digne des plus grandes villes m\u00e9diterran\u00e9ennes et arabes de par sa  diversit\u00e9 culturelle. <strong>La fameuse place Lehdim<\/strong> a connu en 2007, 2  op\u00e9rations de restauration et r\u00e9novation et une autre r\u00e9novation en  cours de r\u00e9alisation.<\/p>\n","protected":false},"excerpt":{"rendered":"<p>Mekn\u00e8s est une ville du Maroc qui tire son nom du berb\u00e8re Meknassa du nom de la tribu fondatrice de la ville. Elle est le chef-lieu de la r\u00e9gion administrative de Mekn\u00e8s-Tafilalet, au nord du pays. La ville est situ\u00e9e \u00e0 150\u00a0km \u00e0 l&rsquo;est de Rabat et \u00e0 60\u00a0km \u00e0 l&rsquo;ouest de F\u00e8s. C&rsquo;est l&rsquo;une [&hellip;]<\/p>\n","protected":false},"author":1,"featured_media":0,"parent":0,"menu_order":1,"comment_status":"closed","ping_status":"closed","template":"","meta":{"footnotes":""},"class_list":["post-10","page","type-page","status-publish","hentry"],"aioseo_notices":[],"_links":{"self":[{"href":"http:\/\/www.riad-atika.com\/meknes\/wp-json\/wp\/v2\/pages\/10","targetHints":{"allow":["GET"]}}],"collection":[{"href":"http:\/\/www.riad-atika.com\/meknes\/wp-json\/wp\/v2\/pages"}],"about":[{"href":"http:\/\/www.riad-atika.com\/meknes\/wp-json\/wp\/v2\/types\/page"}],"author":[{"embeddable":true,"href":"http:\/\/www.riad-atika.com\/meknes\/wp-json\/wp\/v2\/users\/1"}],"replies":[{"embeddable":true,"href":"http:\/\/www.riad-atika.com\/meknes\/wp-json\/wp\/v2\/comments?post=10"}],"version-history":[{"count":0,"href":"http:\/\/www.riad-atika.com\/meknes\/wp-json\/wp\/v2\/pages\/10\/revisions"}],"wp:attachment":[{"href":"http:\/\/www.riad-atika.com\/meknes\/wp-json\/wp\/v2\/media?parent=10"}],"curies":[{"name":"wp","href":"https:\/\/api.w.org\/{rel}","templated":true}]}}